{"id":5699,"date":"2022-03-28T18:15:46","date_gmt":"2022-03-28T18:15:46","guid":{"rendered":"https:\/\/hadleyframe.com\/juridique\/"},"modified":"2022-08-24T13:40:15","modified_gmt":"2022-08-24T13:40:15","slug":"juridique","status":"publish","type":"page","link":"https:\/\/hadleyframe.com\/fr\/juridique\/","title":{"rendered":"Juridique"},"content":{"rendered":"<background-video inline-template :autoplay=\"true\" video=\"\"> \n<section class=\"wp-block-stradigi-gutenberg-hero g-hero container-fluid p-0\" style=\"background-image:url(&quot;https:\/\/hadleyframe.com\/app\/uploads\/2022\/05\/Ultrasteel-profile-close-up.jpg&quot;)\" data-youtube-url=\"\"><div class=\"g-hero--filter\"><\/div><div class=\"g-hero__container container\"><div class=\"g-hero__wrap\"><h1 class=\"g-hero__heading\">Juridique<\/h1><div class=\"g-hero__body\"><div class=\"g-hero__body__text\"><p><\/p><\/div><div class=\"g-hero__body__buttons\"><\/div><\/div><\/div><div class=\"g-hero__chevron__container d-none d-lg-block\"><i class=\"fas fa-chevron-down fa-3x scrollDown\"><\/i><\/div><\/div><\/section>\n <\/background-video>\n\n<div class=\"JB-1 h-section-background\">\n<section class=\"wp-block-stradigi-gutenberg-fixed-spacer g-spacer g-spacer--size-moyen g-spacer--size-medium\"><\/section>\n<\/div>\n\n<section class=\"JB-1 h-section-background g-text\"><div class=\"container\"><div class=\"row\"><div class=\"col-lg-8\"><div class=\"g-text__title\">\n<h2 class=\"wp-block-heading\">Consultez nos documents juridiques<\/h2>\n<\/div><\/div><\/div><\/div><\/section>\n\n<div class=\"JB-1 h-section-background\">\n<section class=\"wp-block-stradigi-gutenberg-text-cta g-text\"><div class=\"container\"><div class=\"row\"><div class=\"col-lg-8\"><div class=\"g-text__bodytext\"><p><\/p><\/div><a href=\"https:\/\/hadleyframe.com\/fr\/juridique\/conditions-generales\/\" class=\"c-button g-text__button\">Conditions g\u00e9n\u00e9rales<i class=\"fas fa-sm fa-chevron-right\"><\/i><\/a><\/div><\/div><\/div><\/section>\n<\/div>\n\n<div class=\"JB-1 h-section-background\">\n<section class=\"wp-block-stradigi-gutenberg-text-cta g-text\"><div class=\"container\"><div class=\"row\"><div class=\"col-lg-8\"><div class=\"g-text__bodytext\"><p><\/p><\/div><a href=\"https:\/\/hadleyframe.com\/fr\/juridique\/pension\/\" class=\"c-button g-text__button\">Informations sur la pension Hadley<i class=\"fas fa-sm fa-chevron-right\"><\/i><\/a><\/div><\/div><\/div><\/section>\n<\/div>\n\n<div class=\"JB-1 h-section-background\">\n<section class=\"wp-block-stradigi-gutenberg-text-cta g-text\"><div class=\"container\"><div class=\"row\"><div class=\"col-lg-8\"><div class=\"g-text__bodytext\"><p><\/p><\/div><a href=\"https:\/\/hadleyframe.com\/fr\/juridique\/declaration-sur-la-loi-sur-lesclavage-moderne\/\" class=\"c-button g-text__button\">D\u00e9claration sur la loi sur l&#8217;esclavage moderne<i class=\"fas fa-sm fa-chevron-right\"><\/i><\/a><\/div><\/div><\/div><\/section>\n<\/div>\n\n<div class=\"JB-1 h-section-background\">\n<section class=\"wp-block-stradigi-gutenberg-text-cta g-text\"><div class=\"container\"><div class=\"row\"><div class=\"col-lg-8\"><div class=\"g-text__bodytext\"><p><\/p><\/div><a href=\"https:\/\/hadleyframe.com\/fr\/politique-en-matiere-de-cookie\/\" class=\"c-button g-text__button\">Politique en mati\u00e8re de cookies<i class=\"fas fa-sm fa-chevron-right\"><\/i><\/a><\/div><\/div><\/div><\/section>\n<\/div>\n\n<div class=\"JB-1 h-section-background\">\n<section class=\"wp-block-stradigi-gutenberg-text-cta g-text\"><div class=\"container\"><div class=\"row\"><div class=\"col-lg-8\"><div class=\"g-text__bodytext\"><p><\/p><\/div><a href=\"https:\/\/hadleyframe.com\/fr\/juridique\/politique-de-confidentialite\/\" class=\"c-button g-text__button\">Politique de confidentialit\u00e9<i class=\"fas fa-sm fa-chevron-right\"><\/i><\/a><\/div><\/div><\/div><\/section>\n<\/div>\n\n<div class=\"JB-1 h-section-background\">\n<section class=\"wp-block-stradigi-gutenberg-fixed-spacer g-spacer g-spacer--size-petit g-spacer--size-small\"><\/section>\n<\/div>\n\n<div class=\"JB-1 h-section-background\">\n<section class=\"wp-block-stradigi-gutenberg-cta-one g-cta-one\"><div class=\"container\"><div class=\"g-cta-one__row row\"><div class=\"col-sm-12 col-lg-8\"><h2 class=\"g-cta-one__title\">Vous avez une question ?<\/h2><div class=\"g-cta-one__content\"><p><\/p><\/div><div class=\"g-cta-one__buttons\"><a href=\"https:\/\/hadleyframe.com\/fr\/contact\/\" class=\"g-cta-one__button-primary\">Contactez-nous<i class=\"fas fa-sm fa-chevron-right\"><\/i><\/a><a href=\"https:\/\/hadleyframe.com\/fr\/questions-frequemment-posees\/\" class=\"g-cta-one__button-secondary\">Questions fr\u00e9quemment pos\u00e9es<i class=\"fas fa-sm fa-chevron-right\"><\/i><\/a><\/div><\/div><\/div><\/div><\/section>\n<\/div>\n\n<div class=\"JB-1 h-section-background\">\n<section class=\"wp-block-stradigi-gutenberg-fixed-spacer g-spacer g-spacer--size-grande g-spacer--size-large\"><\/section>\n<\/div>","protected":false},"excerpt":{"rendered":"<p>Consultez nos documents juridiques<\/p>\n","protected":false},"author":3,"featured_media":0,"parent":0,"menu_order":0,"comment_status":"closed","ping_status":"closed","template":"","meta":{"_acf_changed":false,"footnotes":""},"categories":[],"class_list":["post-5699","page","type-page","status-publish","hentry"],"acf":[],"yoast_head":"<!-- This site is optimized with the Yoast SEO Premium plugin v25.1 (Yoast SEO v27.1.1) - https:\/\/yoast.com\/product\/yoast-seo-premium-wordpress\/ -->\n<title>Consultez nos documents juridiques - Hadley Group<\/title>\n<meta name=\"description\" content=\"Nous nous engageons \u00e0 adopter des pratiques commerciales transparentes et ouvertes. Consultez nos documents juridiques et t\u00e9l\u00e9chargez les politiques.\" \/>\n<meta name=\"robots\" content=\"noindex, follow, max-snippet:-1, max-image-preview:large, max-video-preview:-1\" \/>\n<meta property=\"og:locale\" content=\"fr_FR\" \/>\n<meta property=\"og:type\" content=\"article\" \/>\n<meta property=\"og:title\" content=\"Juridique\" \/>\n<meta property=\"og:description\" content=\"Nous nous engageons \u00e0 adopter des pratiques commerciales transparentes et ouvertes. Consultez nos documents juridiques et t\u00e9l\u00e9chargez les politiques.\" \/>\n<meta property=\"og:url\" content=\"https:\/\/hadleyframe.com\/fr\/juridique\/\" \/>\n<meta property=\"og:site_name\" content=\"Hadley FRAME\" \/>\n<meta property=\"article:publisher\" content=\"https:\/\/www.facebook.com\/HadleyGroupGlobal\" \/>\n<meta property=\"article:modified_time\" content=\"2022-08-24T13:40:15+00:00\" \/>\n<meta property=\"og:image\" content=\"https:\/\/hadleyframe.com\/app\/uploads\/2023\/01\/Hadley-Group-logo.jpg\" \/>\n\t<meta property=\"og:image:width\" content=\"1280\" \/>\n\t<meta property=\"og:image:height\" content=\"300\" \/>\n\t<meta property=\"og:image:type\" content=\"image\/jpeg\" \/>\n<meta name=\"twitter:card\" content=\"summary_large_image\" \/>\n<meta name=\"twitter:site\" content=\"@hadley_group\" \/>\n<meta name=\"twitter:label1\" content=\"Est. reading time\" \/>\n\t<meta name=\"twitter:data1\" content=\"1 minute\" \/>\n<script type=\"application\/ld+json\" class=\"yoast-schema-graph\">{\"@context\":\"https:\/\/schema.org\",\"@graph\":[{\"@type\":\"WebPage\",\"@id\":\"https:\/\/hadleyframe.com\/fr\/juridique\/\",\"url\":\"https:\/\/hadleyframe.com\/fr\/juridique\/\",\"name\":\"Consultez nos documents juridiques - Hadley Group\",\"isPartOf\":{\"@id\":\"https:\/\/hadleyframe.com\/fr\/#website\"},\"datePublished\":\"2022-03-28T18:15:46+00:00\",\"dateModified\":\"2022-08-24T13:40:15+00:00\",\"description\":\"Nous nous engageons \u00e0 adopter des pratiques commerciales transparentes et ouvertes. Consultez nos documents juridiques et t\u00e9l\u00e9chargez les politiques.\",\"breadcrumb\":{\"@id\":\"https:\/\/hadleyframe.com\/fr\/juridique\/#breadcrumb\"},\"inLanguage\":\"fr-FR\",\"potentialAction\":[{\"@type\":\"ReadAction\",\"target\":[\"https:\/\/hadleyframe.com\/fr\/juridique\/\"]}]},{\"@type\":\"BreadcrumbList\",\"@id\":\"https:\/\/hadleyframe.com\/fr\/juridique\/#breadcrumb\",\"itemListElement\":[{\"@type\":\"ListItem\",\"position\":1,\"name\":\"Home\",\"item\":\"https:\/\/hadleyframe.com\/fr\/\"},{\"@type\":\"ListItem\",\"position\":2,\"name\":\"Juridique\"}]},{\"@type\":\"WebSite\",\"@id\":\"https:\/\/hadleyframe.com\/fr\/#website\",\"url\":\"https:\/\/hadleyframe.com\/fr\/\",\"name\":\"Hadley Group\",\"description\":\"Shaping the Future in Metal\",\"publisher\":{\"@id\":\"https:\/\/hadleyframe.com\/fr\/#organization\"},\"potentialAction\":[{\"@type\":\"SearchAction\",\"target\":{\"@type\":\"EntryPoint\",\"urlTemplate\":\"https:\/\/hadleyframe.com\/fr\/?s={search_term_string}\"},\"query-input\":{\"@type\":\"PropertyValueSpecification\",\"valueRequired\":true,\"valueName\":\"search_term_string\"}}],\"inLanguage\":\"fr-FR\"},{\"@type\":\"Organization\",\"@id\":\"https:\/\/hadleyframe.com\/fr\/#organization\",\"name\":\"Hadley Group\",\"url\":\"https:\/\/hadleyframe.com\/fr\/\",\"logo\":{\"@type\":\"ImageObject\",\"inLanguage\":\"fr-FR\",\"@id\":\"https:\/\/hadleyframe.com\/fr\/#\/schema\/logo\/image\/\",\"url\":\"https:\/\/hadleyframe.com\/app\/uploads\/2023\/01\/Hadley-Group-logo.jpg\",\"contentUrl\":\"https:\/\/hadleyframe.com\/app\/uploads\/2023\/01\/Hadley-Group-logo.jpg\",\"width\":1280,\"height\":300,\"caption\":\"Hadley Group\"},\"image\":{\"@id\":\"https:\/\/hadleyframe.com\/fr\/#\/schema\/logo\/image\/\"},\"sameAs\":[\"https:\/\/www.facebook.com\/HadleyGroupGlobal\",\"https:\/\/x.com\/hadley_group\",\"https:\/\/www.youtube.com\/@HadleyGroupSmethwick\",\"https:\/\/www.linkedin.com\/company\/hadley-group-\/\"]}]}<\/script>\n<!-- \/ Yoast SEO Premium plugin. -->","yoast_head_json":{"title":"Consultez nos documents juridiques - Hadley Group","description":"Nous nous engageons \u00e0 adopter des pratiques commerciales transparentes et ouvertes. Consultez nos documents juridiques et t\u00e9l\u00e9chargez les politiques.","robots":{"index":"noindex","follow":"follow","max-snippet":"max-snippet:-1","max-image-preview":"max-image-preview:large","max-video-preview":"max-video-preview:-1"},"og_locale":"fr_FR","og_type":"article","og_title":"Juridique","og_description":"Nous nous engageons \u00e0 adopter des pratiques commerciales transparentes et ouvertes. Consultez nos documents juridiques et t\u00e9l\u00e9chargez les politiques.","og_url":"https:\/\/hadleyframe.com\/fr\/juridique\/","og_site_name":"Hadley FRAME","article_publisher":"https:\/\/www.facebook.com\/HadleyGroupGlobal","article_modified_time":"2022-08-24T13:40:15+00:00","og_image":[{"width":1280,"height":300,"url":"https:\/\/hadleyframe.com\/app\/uploads\/2023\/01\/Hadley-Group-logo.jpg","type":"image\/jpeg"}],"twitter_card":"summary_large_image","twitter_site":"@hadley_group","twitter_misc":{"Est. reading time":"1 minute"},"schema":{"@context":"https:\/\/schema.org","@graph":[{"@type":"WebPage","@id":"https:\/\/hadleyframe.com\/fr\/juridique\/","url":"https:\/\/hadleyframe.com\/fr\/juridique\/","name":"Consultez nos documents juridiques - Hadley Group","isPartOf":{"@id":"https:\/\/hadleyframe.com\/fr\/#website"},"datePublished":"2022-03-28T18:15:46+00:00","dateModified":"2022-08-24T13:40:15+00:00","description":"Nous nous engageons \u00e0 adopter des pratiques commerciales transparentes et ouvertes. Consultez nos documents juridiques et t\u00e9l\u00e9chargez les politiques.","breadcrumb":{"@id":"https:\/\/hadleyframe.com\/fr\/juridique\/#breadcrumb"},"inLanguage":"fr-FR","potentialAction":[{"@type":"ReadAction","target":["https:\/\/hadleyframe.com\/fr\/juridique\/"]}]},{"@type":"BreadcrumbList","@id":"https:\/\/hadleyframe.com\/fr\/juridique\/#breadcrumb","itemListElement":[{"@type":"ListItem","position":1,"name":"Home","item":"https:\/\/hadleyframe.com\/fr\/"},{"@type":"ListItem","position":2,"name":"Juridique"}]},{"@type":"WebSite","@id":"https:\/\/hadleyframe.com\/fr\/#website","url":"https:\/\/hadleyframe.com\/fr\/","name":"Hadley Group","description":"Shaping the Future in Metal","publisher":{"@id":"https:\/\/hadleyframe.com\/fr\/#organization"},"potentialAction":[{"@type":"SearchAction","target":{"@type":"EntryPoint","urlTemplate":"https:\/\/hadleyframe.com\/fr\/?s={search_term_string}"},"query-input":{"@type":"PropertyValueSpecification","valueRequired":true,"valueName":"search_term_string"}}],"inLanguage":"fr-FR"},{"@type":"Organization","@id":"https:\/\/hadleyframe.com\/fr\/#organization","name":"Hadley Group","url":"https:\/\/hadleyframe.com\/fr\/","logo":{"@type":"ImageObject","inLanguage":"fr-FR","@id":"https:\/\/hadleyframe.com\/fr\/#\/schema\/logo\/image\/","url":"https:\/\/hadleyframe.com\/app\/uploads\/2023\/01\/Hadley-Group-logo.jpg","contentUrl":"https:\/\/hadleyframe.com\/app\/uploads\/2023\/01\/Hadley-Group-logo.jpg","width":1280,"height":300,"caption":"Hadley Group"},"image":{"@id":"https:\/\/hadleyframe.com\/fr\/#\/schema\/logo\/image\/"},"sameAs":["https:\/\/www.facebook.com\/HadleyGroupGlobal","https:\/\/x.com\/hadley_group","https:\/\/www.youtube.com\/@HadleyGroupSmethwick","https:\/\/www.linkedin.com\/company\/hadley-group-\/"]}]}},"_links":{"self":[{"href":"https:\/\/hadleyframe.com\/fr\/wp-json\/wp\/v2\/pages\/5699","targetHints":{"allow":["GET"]}}],"collection":[{"href":"https:\/\/hadleyframe.com\/fr\/wp-json\/wp\/v2\/pages"}],"about":[{"href":"https:\/\/hadleyframe.com\/fr\/wp-json\/wp\/v2\/types\/page"}],"author":[{"embeddable":true,"href":"https:\/\/hadleyframe.com\/fr\/wp-json\/wp\/v2\/users\/3"}],"replies":[{"embeddable":true,"href":"https:\/\/hadleyframe.com\/fr\/wp-json\/wp\/v2\/comments?post=5699"}],"version-history":[{"count":6,"href":"https:\/\/hadleyframe.com\/fr\/wp-json\/wp\/v2\/pages\/5699\/revisions"}],"predecessor-version":[{"id":5804,"href":"https:\/\/hadleyframe.com\/fr\/wp-json\/wp\/v2\/pages\/5699\/revisions\/5804"}],"wp:attachment":[{"href":"https:\/\/hadleyframe.com\/fr\/wp-json\/wp\/v2\/media?parent=5699"}],"wp:term":[{"taxonomy":"category","embeddable":true,"href":"https:\/\/hadleyframe.com\/fr\/wp-json\/wp\/v2\/categories?post=5699"}],"curies":[{"name":"wp","href":"https:\/\/api.w.org\/{rel}","templated":true}]}}